{"id":45589,"date":"2024-10-29T10:47:13","date_gmt":"2024-10-29T09:47:13","guid":{"rendered":"https:\/\/clone.clicknflowers.com\/terms-of-use\/"},"modified":"2025-08-27T14:28:42","modified_gmt":"2025-08-27T12:28:42","slug":"terms-of-use","status":"publish","type":"page","link":"https:\/\/www.clicknflowers.com\/en\/terms-of-use\/","title":{"rendered":"Terms of use"},"content":{"rendered":"<div class=\"wpb-content-wrapper\"><p>[vc_row wrap_container=&#8221;yes&#8221; conditional_render=&#8221;%5B%7B%22value_role%22%3A%22administrator%22%7D%5D&#8221; css_params=&#8221;&#8221;][vc_column][vc_column_text css=&#8221;&#8221; css_params=&#8221;&#8221;]<\/p>\n<h1 style=\"text-align: center;\">Terms of use<\/h1>\n<p>[\/vc_column_text][vc_column_text css=&#8221;&#8221; css_params=&#8221;&#8221;]<\/p>\n<p style=\"text-align: center;\">\n\u00c9diteur du site :\r\n<p style=\"text-align: center;\">\nSARL NARMINO<br\/>&#13;\nN\u00b0 RCI 07 S 04689<br\/>&#13;\nN\u00b0 TVA Intracommunautaire : FR81000077817<br\/>&#13;\nAdresse : 1 rue Grimaldi, MC 98000 MONACO<br\/>&#13;\n<span \n                data-original-string='JUp+EYmT0lXfqqvGLkYn3w==972D0CjCAZ05dKoZUxMsCkZQG+tUuCg\/rUPYuFhag6XK4w='\n                class='apbct-email-encoder'\n                title='This contact has been encoded by Anti-Spam by CleanTalk. Click to decode. To finish the decoding make sure that JavaScript is enabled in your browser.'>in<span class=\"apbct-blur\">**<\/span>@<span class=\"apbct-blur\">*****<\/span>no.com<\/span>&#13;\n<p style=\"text-align: center;\">\nDirecteur de la publication :\r\n<p style=\"text-align: center;\">\nNicolas MATILE-NARMINO\r\n<p style=\"text-align: center;\">\nInformations nominatives :\r\n<p style=\"text-align: center;\">\nA retrouver sur cette page.\r\n<p style=\"text-align: center;\">\nH\u00e9bergement :\r\n<p style=\"text-align: center;\">\nOVH (www.ovh.com)\r\n<p style=\"text-align: center;\">\nR\u00e9alisation technique du site web :\r\n<p style=\"text-align: center;\">\nMedia 377 (www.media377.com)\r\n<p style=\"text-align: center;\">\nDroits d\u2019auteur :\r\n<p style=\"text-align: center;\">\nTous les \u00e9l\u00e9ments publi\u00e9s sur ce site web, graphiques, textuels ou multim\u00e9dias sont soumis \u00e0 des droits d\u2019auteurs. Tous droits de reproduction interdits \u00a9 Narmino 2021.\r\n<p style=\"text-align: center;\">\nCertaines photos sont sous licence Fotolia.com :\r\n<p style=\"text-align: center;\">\n\u00a9 s2artstudio &#8211; Fotolia.com<br\/>&#13;\n\u00a9 simonidadj &#8211; Fotolia.com<br\/>&#13;\n\u00a9 bublik_polina &#8211; Fotolia.com<br\/>&#13;\n\u00a9 Janina Dierks &#8211; Fotolia.com<br\/>&#13;\n\u00a9 stylefoto24 &#8211; Fotolia.com<br\/>&#13;\n\u00a9 fadzeyeva &#8211; Fotolia.com<br\/>&#13;\n\u00a9 lil_22<br\/>&#13;\n\u00a9 Springfield Gallery&#13;\n<p style=\"text-align: center;\">\nCertaines images sont sous licence Freepik.com.&#13;\n<p><\/p><p>[\/vc_column_text][\/vc_column][\/vc_row]<\/p>\n<\/div>","protected":false},"excerpt":{"rendered":"<p>[vc_row wrap_container=&#8221;yes&#8221; conditional_render=&#8221;%5B%7B%22value_role%22%3A%22administrator%22%7D%5D&#8221; css_params=&#8221;&#8221;][vc_column][vc_column_text css=&#8221;&#8221; css_params=&#8221;&#8221;] Terms of use [\/vc_column_text][vc_column_text css=&#8221;&#8221; css_params=&#8221;&#8221;] \u00c9diteur du site : SARL NARMINO&#13; N\u00b0 RCI 07 S 04689&#13; N\u00b0 TVA Intracommunautaire : FR81000077817&#13; Adresse : 1 rue Grimaldi, MC 98000 MONACO&#13; in**@*****no.com&#13; Directeur de la publication : Nicolas MATILE-NARMINO Informations nominatives : A retrouver sur cette page. H\u00e9bergement : OVH [&hellip;]<\/p>\n","protected":false},"author":3,"featured_media":0,"parent":0,"menu_order":0,"comment_status":"closed","ping_status":"closed","template":"","meta":{"footnotes":""},"class_list":["post-45589","page","type-page","status-publish","hentry"],"aioseo_notices":[],"_links":{"self":[{"href":"https:\/\/www.clicknflowers.com\/en\/wp-json\/wp\/v2\/pages\/45589","targetHints":{"allow":["GET"]}}],"collection":[{"href":"https:\/\/www.clicknflowers.com\/en\/wp-json\/wp\/v2\/pages"}],"about":[{"href":"https:\/\/www.clicknflowers.com\/en\/wp-json\/wp\/v2\/types\/page"}],"author":[{"embeddable":true,"href":"https:\/\/www.clicknflowers.com\/en\/wp-json\/wp\/v2\/users\/3"}],"replies":[{"embeddable":true,"href":"https:\/\/www.clicknflowers.com\/en\/wp-json\/wp\/v2\/comments?post=45589"}],"version-history":[{"count":0,"href":"https:\/\/www.clicknflowers.com\/en\/wp-json\/wp\/v2\/pages\/45589\/revisions"}],"wp:attachment":[{"href":"https:\/\/www.clicknflowers.com\/en\/wp-json\/wp\/v2\/media?parent=45589"}],"curies":[{"name":"wp","href":"https:\/\/api.w.org\/{rel}","templated":true}]}}