{"id":45698,"date":"2025-07-01T15:05:35","date_gmt":"2025-07-01T13:05:35","guid":{"rendered":"https:\/\/clone.clicknflowers.com\/boutique\/tiare-scented-candle\/"},"modified":"2025-07-01T15:05:35","modified_gmt":"2025-07-01T13:05:35","slug":"tiare-scented-candle","status":"publish","type":"product","link":"https:\/\/www.clicknflowers.com\/en\/boutique\/tiare-scented-candle\/","title":{"rendered":"Tiar\u00e9 scented candle"},"content":{"rendered":"<p>Candle care<\/p>\n<p>Never leave the candle to burn unattended for more than 2 hours at a time.<br \/>\nAlways let the candle burn until the entire surface is liquid, and wait until it is solid before relighting.<br \/>\nIf black smoke appears, cut the wick. It is essential to keep the wick clean and never exceed 6mm in length. Do not hesitate to re-center the wick after burning.<br \/>\nAlways protect the surface on which the candle is placed.<br \/>\nNever allow the candle to burn until the wax has run out.  <\/p>\n","protected":false},"excerpt":{"rendered":"<p>A candle from the prestigious Maison Carri\u00e8re Fr\u00e8res. With its sweet scent of Tiar\u00e9 (Gardenia Tahitensis), this candle pays tribute to this Polynesian plant of the Rubiaceae family. <\/p>\n<p>Weight: 185g<br \/>\nBurning time: 40 to 45 hours<br \/>\nDimensions: H: 9 cm \u00d8: 7.5 cm<\/p>\n","protected":false},"featured_media":45556,"template":"","meta":[],"product_brand":[325],"product_cat":[354,365],"product_tag":[366,377,341,340,367],"class_list":{"0":"post-45698","1":"product","2":"type-product","3":"status-publish","4":"has-post-thumbnail","6":"product_brand-carriere-freres","7":"product_cat-gifts","8":"product_cat-scented-candles-en","9":"product_tag-candles","10":"product_tag-career-brothers","11":"product_tag-monaco-en","12":"product_tag-narmino-en","13":"product_tag-scented-candles","15":"first","16":"instock","17":"taxable","18":"shipping-taxable","19":"purchasable","20":"product-type-simple","21":"add-to-wishlist-after_add_to_cart"},"aioseo_notices":[],"_links":{"self":[{"href":"https:\/\/www.clicknflowers.com\/en\/wp-json\/wp\/v2\/product\/45698","targetHints":{"allow":["GET"]}}],"collection":[{"href":"https:\/\/www.clicknflowers.com\/en\/wp-json\/wp\/v2\/product"}],"about":[{"href":"https:\/\/www.clicknflowers.com\/en\/wp-json\/wp\/v2\/types\/product"}],"wp:featuredmedia":[{"embeddable":true,"href":"https:\/\/www.clicknflowers.com\/en\/wp-json\/wp\/v2\/media\/45556"}],"wp:attachment":[{"href":"https:\/\/www.clicknflowers.com\/en\/wp-json\/wp\/v2\/media?parent=45698"}],"wp:term":[{"taxonomy":"product_brand","embeddable":true,"href":"https:\/\/www.clicknflowers.com\/en\/wp-json\/wp\/v2\/product_brand?post=45698"},{"taxonomy":"product_cat","embeddable":true,"href":"https:\/\/www.clicknflowers.com\/en\/wp-json\/wp\/v2\/product_cat?post=45698"},{"taxonomy":"product_tag","embeddable":true,"href":"https:\/\/www.clicknflowers.com\/en\/wp-json\/wp\/v2\/product_tag?post=45698"}],"curies":[{"name":"wp","href":"https:\/\/api.w.org\/{rel}","templated":true}]}}